{"id":406,"date":"2022-12-06T21:29:06","date_gmt":"2022-12-07T02:29:06","guid":{"rendered":"https:\/\/gsabroker.com\/associations\/"},"modified":"2023-07-31T10:01:23","modified_gmt":"2023-07-31T14:01:23","slug":"associations","status":"publish","type":"page","link":"https:\/\/gsabroker.com\/fr\/a-propos\/associations\/","title":{"rendered":"Associations"},"content":{"rendered":"\t\t<div data-elementor-type=\"wp-page\" data-elementor-id=\"406\" class=\"elementor elementor-406 elementor-212\">\n\t\t\t\t\t\t\t\t\t<section class=\"elementor-section elementor-top-section elementor-element elementor-element-a9508a0 elementor-section-height-min-height elementor-section-items-bottom elementor-section-content-middle elementor-hidden-mobile elementor-section-boxed elementor-section-height-default\" data-id=\"a9508a0\" data-element_type=\"section\" data-settings=\"{&quot;background_background&quot;:&quot;classic&quot;}\">\n\t\t\t\t\t\t\t<div class=\"elementor-background-overlay\"><\/div>\n\t\t\t\t\t\t\t<div class=\"elementor-container elementor-column-gap-default\">\n\t\t\t\t\t<div class=\"elementor-column elementor-col-100 elementor-top-column elementor-element elementor-element-e679c03\" data-id=\"e679c03\" data-element_type=\"column\">\n\t\t\t<div class=\"elementor-widget-wrap elementor-element-populated\">\n\t\t\t\t\t\t\t\t<div class=\"elementor-element elementor-element-1c48a8b elementor-hidden-mobile elementor-widget elementor-widget-heading\" data-id=\"1c48a8b\" data-element_type=\"widget\" data-widget_type=\"heading.default\">\n\t\t\t\t<div class=\"elementor-widget-container\">\n\t\t\t<style>\/*! elementor - v3.18.0 - 20-12-2023 *\/\n.elementor-heading-title{padding:0;margin:0;line-height:1}.elementor-widget-heading .elementor-heading-title[class*=elementor-size-]>a{color:inherit;font-size:inherit;line-height:inherit}.elementor-widget-heading .elementor-heading-title.elementor-size-small{font-size:15px}.elementor-widget-heading .elementor-heading-title.elementor-size-medium{font-size:19px}.elementor-widget-heading .elementor-heading-title.elementor-size-large{font-size:29px}.elementor-widget-heading .elementor-heading-title.elementor-size-xl{font-size:39px}.elementor-widget-heading .elementor-heading-title.elementor-size-xxl{font-size:59px}<\/style><h1 class=\"elementor-heading-title elementor-size-default\">Associations<\/h1>\t\t<\/div>\n\t\t\t\t<\/div>\n\t\t\t\t\t<\/div>\n\t\t<\/div>\n\t\t\t\t\t\t\t<\/div>\n\t\t<\/section>\n\t\t\t\t<section class=\"elementor-section elementor-top-section elementor-element elementor-element-740b5e1 elementor-hidden-desktop elementor-hidden-tablet elementor-section-boxed elementor-section-height-default elementor-section-height-default\" data-id=\"740b5e1\" data-element_type=\"section\">\n\t\t\t\t\t\t<div class=\"elementor-container elementor-column-gap-default\">\n\t\t\t\t\t<div class=\"elementor-column elementor-col-100 elementor-top-column elementor-element elementor-element-06e0dee\" data-id=\"06e0dee\" data-element_type=\"column\">\n\t\t\t<div class=\"elementor-widget-wrap elementor-element-populated\">\n\t\t\t\t\t\t\t\t<div class=\"elementor-element elementor-element-68f91ec elementor-widget elementor-widget-image\" data-id=\"68f91ec\" data-element_type=\"widget\" data-widget_type=\"image.default\">\n\t\t\t\t<div class=\"elementor-widget-container\">\n\t\t\t<style>\/*! elementor - v3.18.0 - 20-12-2023 *\/\n.elementor-widget-image{text-align:center}.elementor-widget-image a{display:inline-block}.elementor-widget-image a img[src$=\".svg\"]{width:48px}.elementor-widget-image img{vertical-align:middle;display:inline-block}<\/style>\t\t\t\t\t\t\t\t\t\t\t\t<img fetchpriority=\"high\" decoding=\"async\" width=\"1920\" height=\"1041\" src=\"https:\/\/gsabroker.com\/wp-content\/uploads\/2022\/12\/banner-home.jpg\" class=\"attachment-full size-full wp-image-10\" alt=\"\" srcset=\"https:\/\/gsabroker.com\/wp-content\/uploads\/2022\/12\/banner-home.jpg 1920w, https:\/\/gsabroker.com\/wp-content\/uploads\/2022\/12\/banner-home-300x163.jpg 300w, https:\/\/gsabroker.com\/wp-content\/uploads\/2022\/12\/banner-home-1024x555.jpg 1024w, https:\/\/gsabroker.com\/wp-content\/uploads\/2022\/12\/banner-home-768x416.jpg 768w, https:\/\/gsabroker.com\/wp-content\/uploads\/2022\/12\/banner-home-1536x833.jpg 1536w\" sizes=\"(max-width: 1920px) 100vw, 1920px\" \/>\t\t\t\t\t\t\t\t\t\t\t\t\t\t\t<\/div>\n\t\t\t\t<\/div>\n\t\t\t\t\t<\/div>\n\t\t<\/div>\n\t\t\t\t\t\t\t<\/div>\n\t\t<\/section>\n\t\t\t\t<section class=\"elementor-section elementor-top-section elementor-element elementor-element-7ad2808 elementor-hidden-desktop elementor-hidden-tablet elementor-section-boxed elementor-section-height-default elementor-section-height-default\" data-id=\"7ad2808\" data-element_type=\"section\">\n\t\t\t\t\t\t<div class=\"elementor-container elementor-column-gap-default\">\n\t\t\t\t\t<div class=\"elementor-column elementor-col-100 elementor-top-column elementor-element elementor-element-1d12e70\" data-id=\"1d12e70\" data-element_type=\"column\">\n\t\t\t<div class=\"elementor-widget-wrap elementor-element-populated\">\n\t\t\t\t\t\t\t\t<div class=\"elementor-element elementor-element-aca4d90 elementor-widget elementor-widget-heading\" data-id=\"aca4d90\" data-element_type=\"widget\" data-widget_type=\"heading.default\">\n\t\t\t\t<div class=\"elementor-widget-container\">\n\t\t\t<h1 class=\"elementor-heading-title elementor-size-default\">Associations<\/h1>\t\t<\/div>\n\t\t\t\t<\/div>\n\t\t\t\t\t<\/div>\n\t\t<\/div>\n\t\t\t\t\t\t\t<\/div>\n\t\t<\/section>\n\t\t\t\t<section class=\"elementor-section elementor-top-section elementor-element elementor-element-dabd963 elementor-section-boxed elementor-section-height-default elementor-section-height-default\" data-id=\"dabd963\" data-element_type=\"section\" data-settings=\"{&quot;background_background&quot;:&quot;classic&quot;}\">\n\t\t\t\t\t\t<div class=\"elementor-container elementor-column-gap-default\">\n\t\t\t\t\t<div class=\"elementor-column elementor-col-100 elementor-top-column elementor-element elementor-element-5a4c4fd\" data-id=\"5a4c4fd\" data-element_type=\"column\">\n\t\t\t<div class=\"elementor-widget-wrap elementor-element-populated\">\n\t\t\t\t\t\t\t\t<div class=\"elementor-element elementor-element-bc61767 elementor-widget elementor-widget-heading\" data-id=\"bc61767\" data-element_type=\"widget\" data-widget_type=\"heading.default\">\n\t\t\t\t<div class=\"elementor-widget-container\">\n\t\t\t<h2 class=\"elementor-heading-title elementor-size-default\">Associations<\/h2>\t\t<\/div>\n\t\t\t\t<\/div>\n\t\t\t\t<div class=\"elementor-element elementor-element-156cc7e elementor-widget elementor-widget-heading\" data-id=\"156cc7e\" data-element_type=\"widget\" data-widget_type=\"heading.default\">\n\t\t\t\t<div class=\"elementor-widget-container\">\n\t\t\t<h3 class=\"elementor-heading-title elementor-size-default\">GSA & Associ\u00e9s sont fiers d'\u00eatre membres des associations suivantes : <\/h3>\t\t<\/div>\n\t\t\t\t<\/div>\n\t\t\t\t<div class=\"elementor-element elementor-element-9a77d86 elementor-widget elementor-widget-text-editor\" data-id=\"9a77d86\" data-element_type=\"widget\" data-widget_type=\"text-editor.default\">\n\t\t\t\t<div class=\"elementor-widget-container\">\n\t\t\t<style>\/*! elementor - v3.18.0 - 20-12-2023 *\/\n.elementor-widget-text-editor.elementor-drop-cap-view-stacked .elementor-drop-cap{background-color:#69727d;color:#fff}.elementor-widget-text-editor.elementor-drop-cap-view-framed .elementor-drop-cap{color:#69727d;border:3px solid;background-color:transparent}.elementor-widget-text-editor:not(.elementor-drop-cap-view-default) .elementor-drop-cap{margin-top:8px}.elementor-widget-text-editor:not(.elementor-drop-cap-view-default) .elementor-drop-cap-letter{width:1em;height:1em}.elementor-widget-text-editor .elementor-drop-cap{float:left;text-align:center;line-height:1;font-size:50px}.elementor-widget-text-editor .elementor-drop-cap-letter{display:inline-block}<\/style>\t\t\t\t<ul><li>L&rsquo;Association canadienne d&rsquo;assurance des cr\u00e9ances (RIAC)<\/li><li>Alliance internationale des courtiers en cr\u00e9dit (ICBA)<\/li><\/ul>\t\t\t\t\t\t<\/div>\n\t\t\t\t<\/div>\n\t\t\t\t\t<\/div>\n\t\t<\/div>\n\t\t\t\t\t\t\t<\/div>\n\t\t<\/section>\n\t\t\t\t<section class=\"elementor-section elementor-top-section elementor-element elementor-element-4f39acd elementor-section-boxed elementor-section-height-default elementor-section-height-default\" data-id=\"4f39acd\" data-element_type=\"section\" data-settings=\"{&quot;background_background&quot;:&quot;classic&quot;}\">\n\t\t\t\t\t\t<div class=\"elementor-container elementor-column-gap-wider\">\n\t\t\t\t\t<div class=\"elementor-column elementor-col-50 elementor-top-column elementor-element elementor-element-7e8151a\" data-id=\"7e8151a\" data-element_type=\"column\">\n\t\t\t<div class=\"elementor-widget-wrap elementor-element-populated\">\n\t\t\t\t\t\t\t\t<div class=\"elementor-element elementor-element-a52fd55 elementor-widget elementor-widget-image\" data-id=\"a52fd55\" data-element_type=\"widget\" data-widget_type=\"image.default\">\n\t\t\t\t<div class=\"elementor-widget-container\">\n\t\t\t\t\t\t\t\t\t\t\t\t\t\t\t<img decoding=\"async\" width=\"2175\" height=\"525\" src=\"https:\/\/gsabroker.com\/wp-content\/uploads\/2022\/12\/riac-logo.png\" class=\"attachment-full size-full wp-image-201\" alt=\"\" srcset=\"https:\/\/gsabroker.com\/wp-content\/uploads\/2022\/12\/riac-logo.png 2175w, https:\/\/gsabroker.com\/wp-content\/uploads\/2022\/12\/riac-logo-300x72.png 300w, https:\/\/gsabroker.com\/wp-content\/uploads\/2022\/12\/riac-logo-1024x247.png 1024w, https:\/\/gsabroker.com\/wp-content\/uploads\/2022\/12\/riac-logo-768x185.png 768w, https:\/\/gsabroker.com\/wp-content\/uploads\/2022\/12\/riac-logo-1536x371.png 1536w, https:\/\/gsabroker.com\/wp-content\/uploads\/2022\/12\/riac-logo-2048x494.png 2048w\" sizes=\"(max-width: 2175px) 100vw, 2175px\" \/>\t\t\t\t\t\t\t\t\t\t\t\t\t\t\t<\/div>\n\t\t\t\t<\/div>\n\t\t\t\t\t<\/div>\n\t\t<\/div>\n\t\t\t\t<div class=\"elementor-column elementor-col-50 elementor-top-column elementor-element elementor-element-5b2bf32\" data-id=\"5b2bf32\" data-element_type=\"column\">\n\t\t\t<div class=\"elementor-widget-wrap elementor-element-populated\">\n\t\t\t\t\t\t\t\t<div class=\"elementor-element elementor-element-0840a7e elementor-widget elementor-widget-heading\" data-id=\"0840a7e\" data-element_type=\"widget\" data-widget_type=\"heading.default\">\n\t\t\t\t<div class=\"elementor-widget-container\">\n\t\t\t<h2 class=\"elementor-heading-title elementor-size-default\">L'Association canadienne d'assurance des cr\u00e9ances (RIAC)<\/h2>\t\t<\/div>\n\t\t\t\t<\/div>\n\t\t\t\t<div class=\"elementor-element elementor-element-39ec6ce elementor-widget elementor-widget-text-editor\" data-id=\"39ec6ce\" data-element_type=\"widget\" data-widget_type=\"text-editor.default\">\n\t\t\t\t<div class=\"elementor-widget-container\">\n\t\t\t\t\t\t\t<p>Gerald Shtull &amp; Associ\u00e9s est un fier membre de l&rsquo;<a href=\"http:\/\/www.receivablesinsurancecanada.com\/\">Association d&rsquo;assurance des cr\u00e9ances du Canada (AARC<\/a>).<\/p><p>Les courtiers et les assureurs membres du RIAC comptent parmi les leaders et les experts les plus importants et les plus prestigieux du pays.<\/p><p>\u00ab\u00a0Le RIAC s&rsquo;efforce de faire progresser l&rsquo;innovation industrielle et l&rsquo;int\u00e9grit\u00e9 des produits, de r\u00e9soudre tout probl\u00e8me commercial li\u00e9 \u00e0 la l\u00e9gislation gouvernementale et de repr\u00e9senter les int\u00e9r\u00eats de ses membres en facilitant un \u00e9change ouvert d&rsquo;informations et d&rsquo;id\u00e9es.\u00a0\u00bb<\/p><p>Nous avons maintenant acc\u00e8s aux derni\u00e8res nouvelles industrielles, financi\u00e8res et politiques concernant la protection de vos comptes clients. Avec le soutien alli\u00e9 d&rsquo;une longue liste de soci\u00e9t\u00e9s travaillant dans le domaine de l&rsquo;assurance-cr\u00e9dit, nous avons acc\u00e8s aux produits, innovations et programmes les plus r\u00e9cents dans le domaine.<\/p><p>Pour en savoir plus sur le RIAC, visitez le site web http:\/\/receivablesinsurancecanada.com.<\/p>\t\t\t\t\t\t<\/div>\n\t\t\t\t<\/div>\n\t\t\t\t\t<\/div>\n\t\t<\/div>\n\t\t\t\t\t\t\t<\/div>\n\t\t<\/section>\n\t\t\t\t<section class=\"elementor-section elementor-top-section elementor-element elementor-element-69abdea elementor-section-boxed elementor-section-height-default elementor-section-height-default\" data-id=\"69abdea\" data-element_type=\"section\" data-settings=\"{&quot;background_background&quot;:&quot;classic&quot;}\">\n\t\t\t\t\t\t<div class=\"elementor-container elementor-column-gap-wider\">\n\t\t\t\t\t<div class=\"elementor-column elementor-col-50 elementor-top-column elementor-element elementor-element-1983dcc\" data-id=\"1983dcc\" data-element_type=\"column\">\n\t\t\t<div class=\"elementor-widget-wrap elementor-element-populated\">\n\t\t\t\t\t\t\t\t<div class=\"elementor-element elementor-element-0d8dbaf elementor-widget elementor-widget-image\" data-id=\"0d8dbaf\" data-element_type=\"widget\" data-widget_type=\"image.default\">\n\t\t\t\t<div class=\"elementor-widget-container\">\n\t\t\t\t\t\t\t\t\t\t\t\t\t\t\t<img decoding=\"async\" width=\"372\" height=\"150\" src=\"https:\/\/gsabroker.com\/wp-content\/uploads\/2022\/12\/icba-logo.webp\" class=\"attachment-full size-full wp-image-199\" alt=\"\" srcset=\"https:\/\/gsabroker.com\/wp-content\/uploads\/2022\/12\/icba-logo.webp 372w, https:\/\/gsabroker.com\/wp-content\/uploads\/2022\/12\/icba-logo-300x121.webp 300w\" sizes=\"(max-width: 372px) 100vw, 372px\" \/>\t\t\t\t\t\t\t\t\t\t\t\t\t\t\t<\/div>\n\t\t\t\t<\/div>\n\t\t\t\t\t<\/div>\n\t\t<\/div>\n\t\t\t\t<div class=\"elementor-column elementor-col-50 elementor-top-column elementor-element elementor-element-ca2371b\" data-id=\"ca2371b\" data-element_type=\"column\">\n\t\t\t<div class=\"elementor-widget-wrap elementor-element-populated\">\n\t\t\t\t\t\t\t\t<div class=\"elementor-element elementor-element-55cf732 elementor-widget elementor-widget-heading\" data-id=\"55cf732\" data-element_type=\"widget\" data-widget_type=\"heading.default\">\n\t\t\t\t<div class=\"elementor-widget-container\">\n\t\t\t<h2 class=\"elementor-heading-title elementor-size-default\">Alliance internationale des courtiers en cr\u00e9dit (ICBA)<\/h2>\t\t<\/div>\n\t\t\t\t<\/div>\n\t\t\t\t<div class=\"elementor-element elementor-element-6dda3be elementor-widget elementor-widget-text-editor\" data-id=\"6dda3be\" data-element_type=\"widget\" data-widget_type=\"text-editor.default\">\n\t\t\t\t<div class=\"elementor-widget-container\">\n\t\t\t\t\t\t\t<p>Fond\u00e9 en 2000, l&rsquo;ICBA est le troisi\u00e8me plus grand groupe ind\u00e9pendant de courtiers en assurance-cr\u00e9dit au monde.<\/p><p>Leur objectif est de trouver le meilleur courtier dans chaque pays afin que les clients puissent b\u00e9n\u00e9ficier d&rsquo;un service v\u00e9ritablement mondial et local, quelle que soit leur situation g\u00e9ographique et le pays vers lequel ils envisagent d&rsquo;exporter. Les courtiers partenaires ICBA sont choisis parce qu&rsquo;ils sont dans les meilleurs de leur pays, le plus souvent le propri\u00e9taire de l&rsquo;entreprise. Les courtiers partenaires doivent d\u00e9montrer qu&rsquo;ils entretiennent de solides relations locales avec les souscripteurs de risques principaux et qu&rsquo;ils adh\u00e8rent sans r\u00e9serve \u00e0 la philosophie ICBA, qui consiste \u00e0 travailler ensemble comme une seule \u00e9quipe.<\/p><p>Notre adh\u00e9sion nous permet de nous associer \u00e0 des courtiers du monde entier pour r\u00e9pondre \u00e0 vos besoins, quel que soit l&rsquo;endroit o\u00f9 vous exercez vos activit\u00e9s.<\/p><p>Pour en savoir plus sur l&rsquo;ICBA, visitez le site https:\/\/icba.com.<\/p>\t\t\t\t\t\t<\/div>\n\t\t\t\t<\/div>\n\t\t\t\t\t<\/div>\n\t\t<\/div>\n\t\t\t\t\t\t\t<\/div>\n\t\t<\/section>\n\t\t\t\t\t\t\t<\/div>\n\t\t","protected":false},"excerpt":{"rendered":"<p>Associations Associations Associations GSA &#038; Associ\u00e9s sont fiers d&rsquo;\u00eatre membres des associations suivantes : L&rsquo;Association canadienne d&rsquo;assurance des cr\u00e9ances (RIAC) Alliance internationale des courtiers en cr\u00e9dit (ICBA) L&rsquo;Association canadienne d&rsquo;assurance des cr\u00e9ances (RIAC) Gerald Shtull &amp; Associ\u00e9s est un fier membre de l&rsquo;Association d&rsquo;assurance des cr\u00e9ances du Canada (AARC). Les courtiers et les assureurs membres [&hellip;]<\/p>\n","protected":false},"author":1,"featured_media":0,"parent":408,"menu_order":0,"comment_status":"closed","ping_status":"closed","template":"elementor_header_footer","meta":{"footnotes":""},"class_list":["post-406","page","type-page","status-publish","hentry"],"acf":[],"yoast_head":"<!-- This site is optimized with the Yoast SEO plugin v21.7 - https:\/\/yoast.com\/wordpress\/plugins\/seo\/ -->\n<title>Associations - Gerald Shtull &amp; Associates<\/title>\n<meta name=\"description\" content=\"GSA &amp; Associates are proud members of the following associations.\" \/>\n<meta name=\"robots\" content=\"index, follow, max-snippet:-1, max-image-preview:large, max-video-preview:-1\" \/>\n<link rel=\"canonical\" href=\"https:\/\/gsabroker.com\/about\/associations\/\" \/>\n<meta property=\"og:locale\" content=\"fr_FR\" \/>\n<meta property=\"og:type\" content=\"article\" \/>\n<meta property=\"og:title\" content=\"Associations - Gerald Shtull &amp; Associates\" \/>\n<meta property=\"og:description\" content=\"GSA &amp; Associates are proud members of the following associations.\" \/>\n<meta property=\"og:url\" content=\"https:\/\/gsabroker.com\/about\/associations\/\" \/>\n<meta property=\"og:site_name\" content=\"Gerald Shtull &amp; Associates\" \/>\n<meta property=\"article:modified_time\" content=\"2023-07-31T14:01:23+00:00\" \/>\n<meta property=\"og:image\" content=\"https:\/\/gsabroker.com\/wp-content\/uploads\/2022\/12\/banner-home.jpg\" \/>\n<meta name=\"twitter:card\" content=\"summary_large_image\" \/>\n<script type=\"application\/ld+json\" class=\"yoast-schema-graph\">{\"@context\":\"https:\/\/schema.org\",\"@graph\":[{\"@type\":\"WebPage\",\"@id\":\"https:\/\/gsabroker.com\/about\/associations\/\",\"url\":\"https:\/\/gsabroker.com\/about\/associations\/\",\"name\":\"Associations - Gerald Shtull &amp; Associates\",\"isPartOf\":{\"@id\":\"https:\/\/gsabroker.com\/#website\"},\"datePublished\":\"2022-12-07T02:29:06+00:00\",\"dateModified\":\"2023-07-31T14:01:23+00:00\",\"description\":\"GSA & Associates are proud members of the following associations.\",\"breadcrumb\":{\"@id\":\"https:\/\/gsabroker.com\/about\/associations\/#breadcrumb\"},\"inLanguage\":\"fr-FR\",\"potentialAction\":[{\"@type\":\"ReadAction\",\"target\":[\"https:\/\/gsabroker.com\/about\/associations\/\"]}]},{\"@type\":\"BreadcrumbList\",\"@id\":\"https:\/\/gsabroker.com\/about\/associations\/#breadcrumb\",\"itemListElement\":[{\"@type\":\"ListItem\",\"position\":1,\"name\":\"Home\",\"item\":\"https:\/\/gsabroker.com\/fr\/\"},{\"@type\":\"ListItem\",\"position\":2,\"name\":\"\u00c0 propos\",\"item\":\"https:\/\/gsabroker.com\/fr\/a-propos\/\"},{\"@type\":\"ListItem\",\"position\":3,\"name\":\"Associations\"}]},{\"@type\":\"WebSite\",\"@id\":\"https:\/\/gsabroker.com\/#website\",\"url\":\"https:\/\/gsabroker.com\/\",\"name\":\"Gerald Shtull & Associates\",\"description\":\"Largest specialist credit insurance brokerage firm in Canada\",\"publisher\":{\"@id\":\"https:\/\/gsabroker.com\/#organization\"},\"potentialAction\":[{\"@type\":\"SearchAction\",\"target\":{\"@type\":\"EntryPoint\",\"urlTemplate\":\"https:\/\/gsabroker.com\/?s={search_term_string}\"},\"query-input\":\"required name=search_term_string\"}],\"inLanguage\":\"fr-FR\"},{\"@type\":\"Organization\",\"@id\":\"https:\/\/gsabroker.com\/#organization\",\"name\":\"Gerald Shtull & Associates\",\"url\":\"https:\/\/gsabroker.com\/\",\"logo\":{\"@type\":\"ImageObject\",\"inLanguage\":\"fr-FR\",\"@id\":\"https:\/\/gsabroker.com\/#\/schema\/logo\/image\/\",\"url\":\"https:\/\/gsabroker.com\/wp-content\/uploads\/2022\/12\/logo-header-black.png\",\"contentUrl\":\"https:\/\/gsabroker.com\/wp-content\/uploads\/2022\/12\/logo-header-black.png\",\"width\":594,\"height\":218,\"caption\":\"Gerald Shtull & Associates\"},\"image\":{\"@id\":\"https:\/\/gsabroker.com\/#\/schema\/logo\/image\/\"},\"sameAs\":[\"https:\/\/www.linkedin.com\/company\/gerald-shull-amp-associates\/\",\"https:\/\/www.instagram.com\/gsabroker\/\"]}]}<\/script>\n<!-- \/ Yoast SEO plugin. -->","yoast_head_json":{"title":"Associations - Gerald Shtull &amp; Associates","description":"GSA & Associates are proud members of the following associations.","robots":{"index":"index","follow":"follow","max-snippet":"max-snippet:-1","max-image-preview":"max-image-preview:large","max-video-preview":"max-video-preview:-1"},"canonical":"https:\/\/gsabroker.com\/about\/associations\/","og_locale":"fr_FR","og_type":"article","og_title":"Associations - Gerald Shtull &amp; Associates","og_description":"GSA & Associates are proud members of the following associations.","og_url":"https:\/\/gsabroker.com\/about\/associations\/","og_site_name":"Gerald Shtull &amp; Associates","article_modified_time":"2023-07-31T14:01:23+00:00","og_image":[{"url":"https:\/\/gsabroker.com\/wp-content\/uploads\/2022\/12\/banner-home.jpg"}],"twitter_card":"summary_large_image","schema":{"@context":"https:\/\/schema.org","@graph":[{"@type":"WebPage","@id":"https:\/\/gsabroker.com\/about\/associations\/","url":"https:\/\/gsabroker.com\/about\/associations\/","name":"Associations - Gerald Shtull &amp; Associates","isPartOf":{"@id":"https:\/\/gsabroker.com\/#website"},"datePublished":"2022-12-07T02:29:06+00:00","dateModified":"2023-07-31T14:01:23+00:00","description":"GSA & Associates are proud members of the following associations.","breadcrumb":{"@id":"https:\/\/gsabroker.com\/about\/associations\/#breadcrumb"},"inLanguage":"fr-FR","potentialAction":[{"@type":"ReadAction","target":["https:\/\/gsabroker.com\/about\/associations\/"]}]},{"@type":"BreadcrumbList","@id":"https:\/\/gsabroker.com\/about\/associations\/#breadcrumb","itemListElement":[{"@type":"ListItem","position":1,"name":"Home","item":"https:\/\/gsabroker.com\/fr\/"},{"@type":"ListItem","position":2,"name":"\u00c0 propos","item":"https:\/\/gsabroker.com\/fr\/a-propos\/"},{"@type":"ListItem","position":3,"name":"Associations"}]},{"@type":"WebSite","@id":"https:\/\/gsabroker.com\/#website","url":"https:\/\/gsabroker.com\/","name":"Gerald Shtull & Associates","description":"Largest specialist credit insurance brokerage firm in Canada","publisher":{"@id":"https:\/\/gsabroker.com\/#organization"},"potentialAction":[{"@type":"SearchAction","target":{"@type":"EntryPoint","urlTemplate":"https:\/\/gsabroker.com\/?s={search_term_string}"},"query-input":"required name=search_term_string"}],"inLanguage":"fr-FR"},{"@type":"Organization","@id":"https:\/\/gsabroker.com\/#organization","name":"Gerald Shtull & Associates","url":"https:\/\/gsabroker.com\/","logo":{"@type":"ImageObject","inLanguage":"fr-FR","@id":"https:\/\/gsabroker.com\/#\/schema\/logo\/image\/","url":"https:\/\/gsabroker.com\/wp-content\/uploads\/2022\/12\/logo-header-black.png","contentUrl":"https:\/\/gsabroker.com\/wp-content\/uploads\/2022\/12\/logo-header-black.png","width":594,"height":218,"caption":"Gerald Shtull & Associates"},"image":{"@id":"https:\/\/gsabroker.com\/#\/schema\/logo\/image\/"},"sameAs":["https:\/\/www.linkedin.com\/company\/gerald-shull-amp-associates\/","https:\/\/www.instagram.com\/gsabroker\/"]}]}},"_links":{"self":[{"href":"https:\/\/gsabroker.com\/fr\/wp-json\/wp\/v2\/pages\/406","targetHints":{"allow":["GET"]}}],"collection":[{"href":"https:\/\/gsabroker.com\/fr\/wp-json\/wp\/v2\/pages"}],"about":[{"href":"https:\/\/gsabroker.com\/fr\/wp-json\/wp\/v2\/types\/page"}],"author":[{"embeddable":true,"href":"https:\/\/gsabroker.com\/fr\/wp-json\/wp\/v2\/users\/1"}],"replies":[{"embeddable":true,"href":"https:\/\/gsabroker.com\/fr\/wp-json\/wp\/v2\/comments?post=406"}],"version-history":[{"count":6,"href":"https:\/\/gsabroker.com\/fr\/wp-json\/wp\/v2\/pages\/406\/revisions"}],"predecessor-version":[{"id":551,"href":"https:\/\/gsabroker.com\/fr\/wp-json\/wp\/v2\/pages\/406\/revisions\/551"}],"up":[{"embeddable":true,"href":"https:\/\/gsabroker.com\/fr\/wp-json\/wp\/v2\/pages\/408"}],"wp:attachment":[{"href":"https:\/\/gsabroker.com\/fr\/wp-json\/wp\/v2\/media?parent=406"}],"curies":[{"name":"wp","href":"https:\/\/api.w.org\/{rel}","templated":true}]}}